{"id":45,"date":"2019-06-26T15:59:19","date_gmt":"2019-06-26T14:59:19","guid":{"rendered":"http:\/\/cameleon.software\/?page_id=45"},"modified":"2019-06-27T09:04:03","modified_gmt":"2019-06-27T08:04:03","slug":"demo","status":"publish","type":"page","link":"https:\/\/cameleon.software\/index.php\/demo\/","title":{"rendered":"Demo"},"content":{"rendered":"\n\t<p>Merci pour l&#8217;int\u00e9r\u00eat que vous portez pour nos syst\u00e8mes.<\/p>\n<p>Si vous souhaitez voir une d\u00e9monstration de nos solutions, merci de remplir le formulaire ci-dessous.<\/p>\n<p>Alternativement, vous pouvez nous appeler directement sur le num\u00e9ro mention\u00e9 bas de page.<\/p>\n<p><em>(*) marque les champs obligatoirs.<\/em><\/p>\n<p>&nbsp;<\/p>\n<div class=\"frm_forms  with_frm_style frm_style_formidable-style\" id=\"frm_form_3_container\" >\n<form enctype=\"multipart\/form-data\" method=\"post\" class=\"frm-show-form \" id=\"form_demo\"  >\n<div class=\"frm_form_fields \">\n<fieldset>\n<legend class=\"frm_screen_reader\">Demo<\/legend>\r\n\r\n<div class=\"frm_fields_container\">\n<input type=\"hidden\" name=\"frm_action\" value=\"create\" \/>\n<input type=\"hidden\" name=\"form_id\" value=\"3\" \/>\n<input type=\"hidden\" name=\"frm_hide_fields_3\" id=\"frm_hide_fields_3\" value=\"\" \/>\n<input type=\"hidden\" name=\"form_key\" value=\"demo\" \/>\n<input type=\"hidden\" name=\"item_meta[0]\" value=\"\" \/>\n<input type=\"hidden\" id=\"frm_submit_entry_3\" name=\"frm_submit_entry_3\" value=\"823a956a0d\" \/><input type=\"hidden\" name=\"_wp_http_referer\" value=\"\/index.php\/wp-json\/wp\/v2\/pages\/45\" \/><div id=\"frm_field_22_container\" class=\"frm_form_field form-field  frm_required_field frm_top_container frm_first frm_half\">\r\n    <label for=\"field_qh4icy22\" id=\"field_qh4icy22_label\" class=\"frm_primary_label\">Pr\u00e9nom\r\n        <span class=\"frm_required\">*<\/span>\r\n    <\/label>\r\n    <input type=\"text\" id=\"field_qh4icy22\" name=\"item_meta[22]\" value=\"\"  data-reqmsg=\"This field cannot be blank.\" aria-required=\"true\" data-invmsg=\"Name is invalid\" aria-invalid=\"false\"  \/>\r\n    \r\n    \r\n<\/div>\n<div id=\"frm_field_23_container\" class=\"frm_form_field form-field  frm_required_field frm_hidden_container frm_half\">\r\n    <label for=\"field_ocfup122\" id=\"field_ocfup122_label\" class=\"frm_primary_label\">Nom\r\n        <span class=\"frm_required\">*<\/span>\r\n    <\/label>\r\n    <input type=\"text\" id=\"field_ocfup122\" name=\"item_meta[23]\" value=\"\"  data-reqmsg=\"This field cannot be blank.\" aria-required=\"true\" data-invmsg=\"Last is invalid\" aria-invalid=\"false\"  \/>\r\n    \r\n    \r\n<\/div>\n<div id=\"frm_field_24_container\" class=\"frm_form_field form-field  frm_required_field frm_top_container frm_full\">\r\n    <label for=\"field_29yf4d22\" id=\"field_29yf4d22_label\" class=\"frm_primary_label\">Email\r\n        <span class=\"frm_required\">*<\/span>\r\n    <\/label>\r\n    <input type=\"email\" id=\"field_29yf4d22\" name=\"item_meta[24]\" value=\"\"  data-reqmsg=\"This field cannot be blank.\" aria-required=\"true\" data-invmsg=\"Please enter a valid email address\" aria-invalid=\"false\"  \/>\r\n    \r\n    \r\n<\/div>\n\t<input type=\"hidden\" name=\"item_key\" value=\"\" \/>\n\t<div class=\"frm_submit\">\r\n\r\n<button class=\"frm_button_submit\" type=\"submit\"  >Envoyer<\/button>\r\n\r\n<\/div><\/div>\n<\/fieldset>\n<\/div>\n<p style=\"display: none !important;\" class=\"akismet-fields-container\" data-prefix=\"ak_\"><label>&#916;<textarea name=\"ak_hp_textarea\" cols=\"45\" rows=\"8\" maxlength=\"100\"><\/textarea><\/label><input type=\"hidden\" id=\"ak_js_1\" name=\"ak_js\" value=\"172\"\/><script>document.getElementById( \"ak_js_1\" ).setAttribute( \"value\", ( new Date() ).getTime() );<\/script><\/p><\/form>\n<\/div>\n\n\t<p>&nbsp;<\/p>\n<p>&nbsp;<\/p>\n<p><strong>Cameleon Software<\/strong><\/p>\n<p>Bureau \u00e0 Paris<\/p>\n<p>47 bis Boulevard Richard Lenoir 75011 Paris | Tel 01 84 25 54 90<\/p>\n","protected":false},"excerpt":{"rendered":"<p>Merci pour l&#8217;int\u00e9r\u00eat que vous portez pour nos syst\u00e8mes. Si vous souhaitez voir une d\u00e9monstration de nos solutions, merci de remplir le formulaire ci-dessous. Alternativement, vous pouvez nous appeler directement sur le num\u00e9ro mention\u00e9 bas de page. (*) marque les champs obligatoirs. &nbsp; &nbsp; &nbsp; Cameleon Software Bureau \u00e0 Paris 47 bis Boulevard Richard Lenoir [&hellip;]<\/p>\n","protected":false},"author":2,"featured_media":0,"parent":0,"menu_order":0,"comment_status":"closed","ping_status":"closed","template":"elementor_header_footer","meta":[],"_links":{"self":[{"href":"https:\/\/cameleon.software\/index.php\/wp-json\/wp\/v2\/pages\/45"}],"collection":[{"href":"https:\/\/cameleon.software\/index.php\/wp-json\/wp\/v2\/pages"}],"about":[{"href":"https:\/\/cameleon.software\/index.php\/wp-json\/wp\/v2\/types\/page"}],"author":[{"embeddable":true,"href":"https:\/\/cameleon.software\/index.php\/wp-json\/wp\/v2\/users\/2"}],"replies":[{"embeddable":true,"href":"https:\/\/cameleon.software\/index.php\/wp-json\/wp\/v2\/comments?post=45"}],"version-history":[{"count":10,"href":"https:\/\/cameleon.software\/index.php\/wp-json\/wp\/v2\/pages\/45\/revisions"}],"predecessor-version":[{"id":89,"href":"https:\/\/cameleon.software\/index.php\/wp-json\/wp\/v2\/pages\/45\/revisions\/89"}],"wp:attachment":[{"href":"https:\/\/cameleon.software\/index.php\/wp-json\/wp\/v2\/media?parent=45"}],"curies":[{"name":"wp","href":"https:\/\/api.w.org\/{rel}","templated":true}]}}